{"id":813,"date":"2017-07-06T13:11:52","date_gmt":"2017-07-06T13:11:52","guid":{"rendered":"http:\/\/educacaofisica.sites.uff.br\/?page_id=813"},"modified":"2019-04-02T14:37:47","modified_gmt":"2019-04-02T14:37:47","slug":"projeto-nado-livre","status":"publish","type":"page","link":"http:\/\/educacaofisica.sites.uff.br\/?page_id=813","title":{"rendered":"Projeto Nado Livre"},"content":{"rendered":"<p><strong>Coordenadoras:<\/strong><br \/>\n<em>Professora Maria Cristina Moreira<\/em><br \/>\n<em>Professora Martha Lenora Queir\u00f3z Copollilo<\/em><\/p>\n<p><img loading=\"lazy\" decoding=\"async\" class=\"alignnone wp-image-363\" src=\"http:\/\/educacaofisica.sites.uff.br\/wp-content\/uploads\/sites\/10\/2016\/06\/DSF8116-1024x683.jpg\" alt=\"\" width=\"700\" height=\"467\" srcset=\"http:\/\/educacaofisica.sites.uff.br\/wp-content\/uploads\/sites\/10\/2016\/06\/DSF8116-1024x683.jpg 1024w, http:\/\/educacaofisica.sites.uff.br\/wp-content\/uploads\/sites\/10\/2016\/06\/DSF8116-300x200.jpg 300w, http:\/\/educacaofisica.sites.uff.br\/wp-content\/uploads\/sites\/10\/2016\/06\/DSF8116-768x512.jpg 768w, http:\/\/educacaofisica.sites.uff.br\/wp-content\/uploads\/sites\/10\/2016\/06\/DSF8116-120x80.jpg 120w\" sizes=\"auto, (max-width: 700px) 100vw, 700px\" \/><\/p>\n<p><strong>Objetivo:<\/strong><br \/>\ndisponibilizar para a comunidade interna da UFF (professores alunos e funcion\u00e1rios) a possibilidade do uso da piscina, nos hor\u00e1rios em que n\u00e3o ocorrem atividades pedag\u00f3gicas do Departamento de Educa\u00e7\u00e3o F\u00edsica, tais como aulas do Curso de Licenciatura e atividades de outros projetos de extens\u00e3o.<\/p>\n<p>Em m\u00e9dia por semestre, s\u00e3o oferecidas 14 horas para a realiza\u00e7\u00e3o desse projeto. Os hor\u00e1rios dispon\u00edveis, s\u00e3o modificados a cada per\u00edodo, de acordo com a din\u00e2mica geral das atividades do Instituto.<\/p>\n<p>O Projeto \u00e9 destinado a pessoas que j\u00e1 sabem nadar, pois n\u00e3o tem como objetivo o aprendizado de nata\u00e7\u00e3o.<\/p>\n<p>Os respectivos hor\u00e1rios contam com a participa\u00e7\u00e3o de um guarda vida, respons\u00e1vel pela seguran\u00e7a dos praticantes e do espa\u00e7o, atendendo \u00e0s determina\u00e7\u00f5es legais.<\/p>\n<p>Docentes, Discentes e T\u00e9cnicos Administrativos\u00a0 interessados em participar, devem se dirigir \u00e0 secretaria do IEF para se inscreverem no Projeto. De onde ser\u00e3o encaminhados para exame m\u00e9dico, no pr\u00f3prio Instituto. \u00c9 necess\u00e1rio trazer uma foto 3&#215;4 para confec\u00e7\u00e3o da carteirinha pr\u00f3pria do Nado Livre, v\u00e1lida por um ano.<\/p>\n<p>O calend\u00e1rio de atividades do Projeto tem refer\u00eancia no calend\u00e1rio acad\u00eamico. Guardando, por\u00e9m algumas especificidades:<\/p>\n<p>No m\u00eas de Julho ocorre um recesso de aproximadamente 15 dias;<\/p>\n<p>No m\u00eas de Janeiro \u00e9 feito um intervalo, correspondente \u00e0s f\u00e9rias do guardi\u00e3o.<\/p>\n<p>As datas precisas dos referidos per\u00edodos de pausa s\u00e3o divulgadas de acordo com a aproxima\u00e7\u00e3o desses momentos.<\/p>\n<p>Os hor\u00e1rios dispon\u00edveis para o projeto s\u00e3o modificados a cada per\u00edodo, de acordo com a din\u00e2mica geral das atividades do Instituto. Para o primeiro semestre de 2019 os hor\u00e1rios est\u00e3o definidos. Confira aqui, no quadro geral de ocupa\u00e7\u00e3o da piscina do IEF:<\/p>\n<p><a href=\"http:\/\/educacaofisica.sites.uff.br\/wp-content\/uploads\/sites\/10\/2018\/01\/Quadro-de-Hor\u00e1rios-NADO-LIVRE-2019.1.pdf\">Quadro de Hor\u00e1rios &#8211; NADO LIVRE 2019.1<\/a><\/p>\n<p><img loading=\"lazy\" decoding=\"async\" class=\"alignnone wp-image-386 size-large\" src=\"http:\/\/educacaofisica.sites.uff.br\/wp-content\/uploads\/sites\/10\/2016\/06\/DSF8114-1024x683.jpg\" alt=\"\" width=\"1024\" height=\"683\" srcset=\"http:\/\/educacaofisica.sites.uff.br\/wp-content\/uploads\/sites\/10\/2016\/06\/DSF8114-1024x683.jpg 1024w, http:\/\/educacaofisica.sites.uff.br\/wp-content\/uploads\/sites\/10\/2016\/06\/DSF8114-300x200.jpg 300w, http:\/\/educacaofisica.sites.uff.br\/wp-content\/uploads\/sites\/10\/2016\/06\/DSF8114-768x512.jpg 768w, http:\/\/educacaofisica.sites.uff.br\/wp-content\/uploads\/sites\/10\/2016\/06\/DSF8114-120x80.jpg 120w\" sizes=\"auto, (max-width: 1024px) 100vw, 1024px\" \/><\/p>\n","protected":false},"excerpt":{"rendered":"<p>Coordenadoras: Professora Maria Cristina Moreira Professora Martha Lenora Queir\u00f3z Copollilo Objetivo: disponibilizar para a comunidade interna da UFF (professores alunos e funcion\u00e1rios) a possibilidade do uso da piscina, nos hor\u00e1rios em que n\u00e3o ocorrem atividades pedag\u00f3gicas do Departamento de Educa\u00e7\u00e3o F\u00edsica, tais como aulas do Curso de Licenciatura e atividades de outros projetos de extens\u00e3o. [&hellip;]<\/p>\n","protected":false},"author":10,"featured_media":0,"parent":0,"menu_order":0,"comment_status":"closed","ping_status":"closed","template":"","meta":{"_exactmetrics_skip_tracking":false,"_exactmetrics_sitenote_active":false,"_exactmetrics_sitenote_note":"","_exactmetrics_sitenote_category":0,"footnotes":""},"categories":[],"tags":[],"class_list":["post-813","page","type-page","status-publish","hentry"],"_links":{"self":[{"href":"http:\/\/educacaofisica.sites.uff.br\/index.php?rest_route=\/wp\/v2\/pages\/813","targetHints":{"allow":["GET"]}}],"collection":[{"href":"http:\/\/educacaofisica.sites.uff.br\/index.php?rest_route=\/wp\/v2\/pages"}],"about":[{"href":"http:\/\/educacaofisica.sites.uff.br\/index.php?rest_route=\/wp\/v2\/types\/page"}],"author":[{"embeddable":true,"href":"http:\/\/educacaofisica.sites.uff.br\/index.php?rest_route=\/wp\/v2\/users\/10"}],"replies":[{"embeddable":true,"href":"http:\/\/educacaofisica.sites.uff.br\/index.php?rest_route=%2Fwp%2Fv2%2Fcomments&post=813"}],"version-history":[{"count":12,"href":"http:\/\/educacaofisica.sites.uff.br\/index.php?rest_route=\/wp\/v2\/pages\/813\/revisions"}],"predecessor-version":[{"id":1368,"href":"http:\/\/educacaofisica.sites.uff.br\/index.php?rest_route=\/wp\/v2\/pages\/813\/revisions\/1368"}],"wp:attachment":[{"href":"http:\/\/educacaofisica.sites.uff.br\/index.php?rest_route=%2Fwp%2Fv2%2Fmedia&parent=813"}],"wp:term":[{"taxonomy":"category","embeddable":true,"href":"http:\/\/educacaofisica.sites.uff.br\/index.php?rest_route=%2Fwp%2Fv2%2Fcategories&post=813"},{"taxonomy":"post_tag","embeddable":true,"href":"http:\/\/educacaofisica.sites.uff.br\/index.php?rest_route=%2Fwp%2Fv2%2Ftags&post=813"}],"curies":[{"name":"wp","href":"https:\/\/api.w.org\/{rel}","templated":true}]}}