{"id":564,"date":"2017-01-16T17:41:18","date_gmt":"2017-01-16T17:41:18","guid":{"rendered":"http:\/\/educacaofisica.sites.uff.br\/?page_id=564"},"modified":"2020-08-10T14:53:50","modified_gmt":"2020-08-10T14:53:50","slug":"departamento-de-educacao-fisica-e-desportos","status":"publish","type":"page","link":"http:\/\/educacaofisica.sites.uff.br\/?page_id=564","title":{"rendered":"Departamento de Educa\u00e7\u00e3o F\u00edsica e Desportos"},"content":{"rendered":"<p><img loading=\"lazy\" decoding=\"async\" class=\"alignnone wp-image-333\" src=\"http:\/\/educacaofisica.sites.uff.br\/wp-content\/uploads\/sites\/10\/2016\/06\/DSF8120-300x200.jpg\" width=\"700\" height=\"467\" srcset=\"http:\/\/educacaofisica.sites.uff.br\/wp-content\/uploads\/sites\/10\/2016\/06\/DSF8120-300x200.jpg 300w, http:\/\/educacaofisica.sites.uff.br\/wp-content\/uploads\/sites\/10\/2016\/06\/DSF8120-768x512.jpg 768w, http:\/\/educacaofisica.sites.uff.br\/wp-content\/uploads\/sites\/10\/2016\/06\/DSF8120-1024x683.jpg 1024w, http:\/\/educacaofisica.sites.uff.br\/wp-content\/uploads\/sites\/10\/2016\/06\/DSF8120-120x80.jpg 120w\" sizes=\"auto, (max-width: 700px) 100vw, 700px\" \/><\/p>\n<p><strong>Departamento de Educa\u00e7\u00e3o F\u00edsica e Desportos<\/strong><\/p>\n<p>Chefe de Departamento:\u00a0<em>Maria Cristina Moreira<\/em><\/p>\n<p>Sub Chefe de Departamento:\u00a0<em>Jonas L\u00edrio Gurgel<\/em><\/p>\n<p><strong>Regimento do Departamento de Educa\u00e7\u00e3o F\u00edsica e Desportos:\u00a0<\/strong><a href=\"http:\/\/educacaofisica.sites.uff.br\/wp-content\/uploads\/sites\/10\/2017\/01\/RIGEF-2017.pdf\">RIGEF-2017<\/a><\/p>\n","protected":false},"excerpt":{"rendered":"<p>Departamento de Educa\u00e7\u00e3o F\u00edsica e Desportos Chefe de Departamento:\u00a0Maria Cristina Moreira Sub Chefe de Departamento:\u00a0Jonas L\u00edrio Gurgel Regimento do Departamento de Educa\u00e7\u00e3o F\u00edsica e Desportos:\u00a0RIGEF-2017<\/p>\n","protected":false},"author":10,"featured_media":0,"parent":0,"menu_order":0,"comment_status":"closed","ping_status":"closed","template":"","meta":{"_exactmetrics_skip_tracking":false,"_exactmetrics_sitenote_active":false,"_exactmetrics_sitenote_note":"","_exactmetrics_sitenote_category":0,"footnotes":""},"categories":[],"tags":[],"class_list":["post-564","page","type-page","status-publish","hentry"],"_links":{"self":[{"href":"http:\/\/educacaofisica.sites.uff.br\/index.php?rest_route=\/wp\/v2\/pages\/564","targetHints":{"allow":["GET"]}}],"collection":[{"href":"http:\/\/educacaofisica.sites.uff.br\/index.php?rest_route=\/wp\/v2\/pages"}],"about":[{"href":"http:\/\/educacaofisica.sites.uff.br\/index.php?rest_route=\/wp\/v2\/types\/page"}],"author":[{"embeddable":true,"href":"http:\/\/educacaofisica.sites.uff.br\/index.php?rest_route=\/wp\/v2\/users\/10"}],"replies":[{"embeddable":true,"href":"http:\/\/educacaofisica.sites.uff.br\/index.php?rest_route=%2Fwp%2Fv2%2Fcomments&post=564"}],"version-history":[{"count":14,"href":"http:\/\/educacaofisica.sites.uff.br\/index.php?rest_route=\/wp\/v2\/pages\/564\/revisions"}],"predecessor-version":[{"id":1566,"href":"http:\/\/educacaofisica.sites.uff.br\/index.php?rest_route=\/wp\/v2\/pages\/564\/revisions\/1566"}],"wp:attachment":[{"href":"http:\/\/educacaofisica.sites.uff.br\/index.php?rest_route=%2Fwp%2Fv2%2Fmedia&parent=564"}],"wp:term":[{"taxonomy":"category","embeddable":true,"href":"http:\/\/educacaofisica.sites.uff.br\/index.php?rest_route=%2Fwp%2Fv2%2Fcategories&post=564"},{"taxonomy":"post_tag","embeddable":true,"href":"http:\/\/educacaofisica.sites.uff.br\/index.php?rest_route=%2Fwp%2Fv2%2Ftags&post=564"}],"curies":[{"name":"wp","href":"https:\/\/api.w.org\/{rel}","templated":true}]}}