{"id":560,"date":"2017-01-16T17:28:01","date_gmt":"2017-01-16T17:28:01","guid":{"rendered":"http:\/\/educacaofisica.sites.uff.br\/?page_id=560"},"modified":"2025-04-04T17:30:50","modified_gmt":"2025-04-04T17:30:50","slug":"instituto-de-educacao-fisica","status":"publish","type":"page","link":"http:\/\/educacaofisica.sites.uff.br\/?page_id=560","title":{"rendered":"Instituto de Educa\u00e7\u00e3o F\u00edsica"},"content":{"rendered":"<p><strong>Regimento Interno do Instituto de Educa\u00e7\u00e3o F\u00edsica<\/strong><\/p>\n<p>Aprovado conforme decis\u00e3o 035\/09 do CUV:<\/p>\n<p><a href=\"http:\/\/educacaofisica.sites.uff.br\/wp-content\/uploads\/sites\/10\/2017\/01\/Reg.Interno-IEF.pdf\">Reg.Interno IEF<\/a><\/p>\n<p><img loading=\"lazy\" decoding=\"async\" class=\"alignnone wp-image-329\" src=\"http:\/\/educacaofisica.sites.uff.br\/wp-content\/uploads\/sites\/10\/2016\/06\/DSF8113-300x200.jpg\" width=\"700\" height=\"467\" srcset=\"http:\/\/educacaofisica.sites.uff.br\/wp-content\/uploads\/sites\/10\/2016\/06\/DSF8113-300x200.jpg 300w, http:\/\/educacaofisica.sites.uff.br\/wp-content\/uploads\/sites\/10\/2016\/06\/DSF8113-768x512.jpg 768w, http:\/\/educacaofisica.sites.uff.br\/wp-content\/uploads\/sites\/10\/2016\/06\/DSF8113-1024x683.jpg 1024w, http:\/\/educacaofisica.sites.uff.br\/wp-content\/uploads\/sites\/10\/2016\/06\/DSF8113-120x80.jpg 120w\" sizes=\"auto, (max-width: 700px) 100vw, 700px\" \/><\/p>\n<p>\u00a0<\/p>\n<p><strong>INSTITUTO DE EDUCA\u00c7\u00c3O F\u00cdSICA DA UFF<\/strong><\/p>\n<p><strong>Diretor: <em>Luis Tadeu Paes de Almeida<\/em><\/strong><\/p>\n<p><strong>Vice Diretor<\/strong>: <em><strong>Marcelo Moreira Antunes<\/strong><\/em><\/p>\n<p>\u00a0<\/p>\n<p><strong>Equipe T\u00e9cnica: <\/strong>\u00a0veja no link<strong>\u00a0\u00a0<a href=\"http:\/\/educacaofisica.sites.uff.br\/?p=901\">http:\/\/educacaofisica.sites.uff.br\/?p=901<\/a><\/strong><\/p>\n<p>\u00a0<\/p>\n<p><strong>Colegiado do Instituto de Educa\u00e7\u00e3o F\u00edsica:<\/strong><\/p>\n\n\n<div data-wp-interactive=\"core\/file\" class=\"wp-block-file\"><a href=\"http:\/\/educacaofisica.sites.uff.br\/wp-content\/uploads\/sites\/10\/2025\/04\/Edital-Comissao-eleicao-Colegiado-Curso-2025.pdf\">Edital-Comissao-eleicao-Colegiado-Curso-2025<\/a><a href=\"http:\/\/educacaofisica.sites.uff.br\/wp-content\/uploads\/sites\/10\/2025\/04\/Edital-Comissao-eleicao-Colegiado-Curso-2025.pdf\" class=\"wp-block-file__button\" download>Baixar<\/a><\/div>\n","protected":false},"excerpt":{"rendered":"<p>Regimento Interno do Instituto de Educa\u00e7\u00e3o F\u00edsica Aprovado conforme decis\u00e3o 035\/09 do CUV: Reg.Interno IEF \u00a0 INSTITUTO DE EDUCA\u00c7\u00c3O F\u00cdSICA DA UFF Diretor: Luis Tadeu Paes de Almeida Vice Diretor: Marcelo Moreira Antunes \u00a0 Equipe T\u00e9cnica: \u00a0veja no link\u00a0\u00a0http:\/\/educacaofisica.sites.uff.br\/?p=901 \u00a0 Colegiado do Instituto de Educa\u00e7\u00e3o F\u00edsica:<\/p>\n","protected":false},"author":10,"featured_media":0,"parent":0,"menu_order":0,"comment_status":"closed","ping_status":"closed","template":"","meta":{"_exactmetrics_skip_tracking":false,"_exactmetrics_sitenote_active":false,"_exactmetrics_sitenote_note":"","_exactmetrics_sitenote_category":0,"footnotes":""},"categories":[],"tags":[],"class_list":["post-560","page","type-page","status-publish","hentry"],"_links":{"self":[{"href":"http:\/\/educacaofisica.sites.uff.br\/index.php?rest_route=\/wp\/v2\/pages\/560","targetHints":{"allow":["GET"]}}],"collection":[{"href":"http:\/\/educacaofisica.sites.uff.br\/index.php?rest_route=\/wp\/v2\/pages"}],"about":[{"href":"http:\/\/educacaofisica.sites.uff.br\/index.php?rest_route=\/wp\/v2\/types\/page"}],"author":[{"embeddable":true,"href":"http:\/\/educacaofisica.sites.uff.br\/index.php?rest_route=\/wp\/v2\/users\/10"}],"replies":[{"embeddable":true,"href":"http:\/\/educacaofisica.sites.uff.br\/index.php?rest_route=%2Fwp%2Fv2%2Fcomments&post=560"}],"version-history":[{"count":19,"href":"http:\/\/educacaofisica.sites.uff.br\/index.php?rest_route=\/wp\/v2\/pages\/560\/revisions"}],"predecessor-version":[{"id":2194,"href":"http:\/\/educacaofisica.sites.uff.br\/index.php?rest_route=\/wp\/v2\/pages\/560\/revisions\/2194"}],"wp:attachment":[{"href":"http:\/\/educacaofisica.sites.uff.br\/index.php?rest_route=%2Fwp%2Fv2%2Fmedia&parent=560"}],"wp:term":[{"taxonomy":"category","embeddable":true,"href":"http:\/\/educacaofisica.sites.uff.br\/index.php?rest_route=%2Fwp%2Fv2%2Fcategories&post=560"},{"taxonomy":"post_tag","embeddable":true,"href":"http:\/\/educacaofisica.sites.uff.br\/index.php?rest_route=%2Fwp%2Fv2%2Ftags&post=560"}],"curies":[{"name":"wp","href":"https:\/\/api.w.org\/{rel}","templated":true}]}}