{"id":415,"date":"2016-06-13T20:37:14","date_gmt":"2016-06-13T20:37:14","guid":{"rendered":"http:\/\/educacaofisica.sites.uff.br\/?page_id=415"},"modified":"2025-04-04T17:20:55","modified_gmt":"2025-04-04T17:20:55","slug":"estrutura","status":"publish","type":"page","link":"http:\/\/educacaofisica.sites.uff.br\/?page_id=415","title":{"rendered":"Estrutura"},"content":{"rendered":"<p><strong>Instituto de Educa\u00e7\u00e3o F\u00edsica<\/strong><\/p>\n<p><strong>Diretor:\u00a0 <em>Luiz Tadeu Paes de Almeida<\/em><\/strong><\/p>\n<p><strong>Vice Diretor: <em>Marcelo Moreira Antunes<\/em><\/strong><\/p>\n<p><span style=\"color: #ffffff\">.<\/span><\/p>\n<p><strong>Departamento de Educa\u00e7\u00e3o F\u00edsica e Desportos<\/strong><\/p>\n<p><strong>Chefe de Departamento:\u00a0 <em>Maria Cristina Moreira<\/em><\/strong><\/p>\n<p><span style=\"color: #ffffff\">.<\/span><\/p>\n<p><strong>Curso de Licenciatura em Educa\u00e7\u00e3o F\u00edsica<\/strong><\/p>\n<p><strong>Coordena\u00e7\u00e3o: <em>Karla Campos de Paula<\/em><\/strong><\/p>\n<p>\u00a0<\/p>\n<p><strong>Especializa\u00e7\u00e3o em Educa\u00e7\u00e3o F\u00edsica Escolar<\/strong><\/p>\n<p><strong>Coordenadora:\u00a0 <em>Adriana Machado Penna<\/em><\/strong><\/p>\n<p><strong>Vice Coordenadora:\u00a0<em> Elizandra Garcia da Silva<\/em><\/strong><\/p>\n<p>\u00a0<\/p>\n<p><strong>Coordena\u00e7\u00e3o de Extens\u00e3o: <em>Micheli Verg\u00ednia Ghiggi<\/em><\/strong><\/p>\n<p>\u00a0<\/p>\n<p><strong>Coordena\u00e7\u00e3o de Pesquisa e P\u00f3s Gradua\u00e7\u00e3o: <em>Rosa Malena de Ara\u00fajo Carvalho<\/em><\/strong><\/p>\n<p><img loading=\"lazy\" decoding=\"async\" class=\"alignnone wp-image-378\" src=\"http:\/\/educacaofisica.sites.uff.br\/wp-content\/uploads\/sites\/10\/2016\/06\/DSF8135-300x200.jpg\" alt=\"_DSF8135\" width=\"700\" height=\"467\" srcset=\"http:\/\/educacaofisica.sites.uff.br\/wp-content\/uploads\/sites\/10\/2016\/06\/DSF8135-300x200.jpg 300w, http:\/\/educacaofisica.sites.uff.br\/wp-content\/uploads\/sites\/10\/2016\/06\/DSF8135-768x512.jpg 768w, http:\/\/educacaofisica.sites.uff.br\/wp-content\/uploads\/sites\/10\/2016\/06\/DSF8135-1024x683.jpg 1024w, http:\/\/educacaofisica.sites.uff.br\/wp-content\/uploads\/sites\/10\/2016\/06\/DSF8135-120x80.jpg 120w\" sizes=\"auto, (max-width: 700px) 100vw, 700px\" \/><\/p>\n\n\n<p><\/p>\n","protected":false},"excerpt":{"rendered":"<p>Instituto de Educa\u00e7\u00e3o F\u00edsica Diretor:\u00a0 Luiz Tadeu Paes de Almeida Vice Diretor: Marcelo Moreira Antunes . Departamento de Educa\u00e7\u00e3o F\u00edsica e Desportos Chefe de Departamento:\u00a0 Maria Cristina Moreira . Curso de Licenciatura em Educa\u00e7\u00e3o F\u00edsica Coordena\u00e7\u00e3o: Karla Campos de Paula \u00a0 Especializa\u00e7\u00e3o em Educa\u00e7\u00e3o F\u00edsica Escolar Coordenadora:\u00a0 Adriana Machado Penna Vice Coordenadora:\u00a0 Elizandra Garcia da [&hellip;]<\/p>\n","protected":false},"author":10,"featured_media":0,"parent":0,"menu_order":0,"comment_status":"closed","ping_status":"closed","template":"","meta":{"_exactmetrics_skip_tracking":false,"_exactmetrics_sitenote_active":false,"_exactmetrics_sitenote_note":"","_exactmetrics_sitenote_category":0,"footnotes":""},"categories":[],"tags":[],"class_list":["post-415","page","type-page","status-publish","hentry"],"_links":{"self":[{"href":"http:\/\/educacaofisica.sites.uff.br\/index.php?rest_route=\/wp\/v2\/pages\/415","targetHints":{"allow":["GET"]}}],"collection":[{"href":"http:\/\/educacaofisica.sites.uff.br\/index.php?rest_route=\/wp\/v2\/pages"}],"about":[{"href":"http:\/\/educacaofisica.sites.uff.br\/index.php?rest_route=\/wp\/v2\/types\/page"}],"author":[{"embeddable":true,"href":"http:\/\/educacaofisica.sites.uff.br\/index.php?rest_route=\/wp\/v2\/users\/10"}],"replies":[{"embeddable":true,"href":"http:\/\/educacaofisica.sites.uff.br\/index.php?rest_route=%2Fwp%2Fv2%2Fcomments&post=415"}],"version-history":[{"count":16,"href":"http:\/\/educacaofisica.sites.uff.br\/index.php?rest_route=\/wp\/v2\/pages\/415\/revisions"}],"predecessor-version":[{"id":2191,"href":"http:\/\/educacaofisica.sites.uff.br\/index.php?rest_route=\/wp\/v2\/pages\/415\/revisions\/2191"}],"wp:attachment":[{"href":"http:\/\/educacaofisica.sites.uff.br\/index.php?rest_route=%2Fwp%2Fv2%2Fmedia&parent=415"}],"wp:term":[{"taxonomy":"category","embeddable":true,"href":"http:\/\/educacaofisica.sites.uff.br\/index.php?rest_route=%2Fwp%2Fv2%2Fcategories&post=415"},{"taxonomy":"post_tag","embeddable":true,"href":"http:\/\/educacaofisica.sites.uff.br\/index.php?rest_route=%2Fwp%2Fv2%2Ftags&post=415"}],"curies":[{"name":"wp","href":"https:\/\/api.w.org\/{rel}","templated":true}]}}