{"id":401,"date":"2016-06-12T14:36:52","date_gmt":"2016-06-12T14:36:52","guid":{"rendered":"http:\/\/educacaofisica.sites.uff.br\/?page_id=401"},"modified":"2025-04-04T17:07:06","modified_gmt":"2025-04-04T17:07:06","slug":"contato","status":"publish","type":"page","link":"http:\/\/educacaofisica.sites.uff.br\/?page_id=401","title":{"rendered":"Contato"},"content":{"rendered":"<p><img loading=\"lazy\" decoding=\"async\" class=\"alignnone wp-image-356\" src=\"http:\/\/educacaofisica.sites.uff.br\/wp-content\/uploads\/sites\/10\/2016\/06\/DSF8117-1-300x200.jpg\" alt=\"_DSF8117\" width=\"600\" height=\"400\" srcset=\"http:\/\/educacaofisica.sites.uff.br\/wp-content\/uploads\/sites\/10\/2016\/06\/DSF8117-1-300x200.jpg 300w, http:\/\/educacaofisica.sites.uff.br\/wp-content\/uploads\/sites\/10\/2016\/06\/DSF8117-1-768x512.jpg 768w, http:\/\/educacaofisica.sites.uff.br\/wp-content\/uploads\/sites\/10\/2016\/06\/DSF8117-1-1024x683.jpg 1024w, http:\/\/educacaofisica.sites.uff.br\/wp-content\/uploads\/sites\/10\/2016\/06\/DSF8117-1-120x80.jpg 120w\" sizes=\"auto, (max-width: 600px) 100vw, 600px\" \/><\/p>\n<p><strong>Instituto de Educa\u00e7\u00e3o F\u00edsica da Universidade Federal Fluminense<\/strong><\/p>\n<p><strong>Endere\u00e7o:<\/strong> <span class=\"w8qArf FoJoyf\">\u00a0<\/span><span class=\"LrzXr\">Av. Visconde do Rio Branco, 726 &#8211; S\u00e3o Domingos, Niter\u00f3i &#8211; RJ, 24020-005<\/span><\/p>\n<p><strong>Telefone:<\/strong> \u00a0(21) 2629 2737<\/p>\n<p><strong>Email:<\/strong> \u00a0<a>secretariaief.gef@gmail.com<\/a><\/p>\n","protected":false},"excerpt":{"rendered":"<p>Instituto de Educa\u00e7\u00e3o F\u00edsica da Universidade Federal Fluminense Endere\u00e7o: \u00a0Av. Visconde do Rio Branco, 726 &#8211; S\u00e3o Domingos, Niter\u00f3i &#8211; RJ, 24020-005 Telefone: \u00a0(21) 2629 2737 Email: \u00a0secretariaief.gef@gmail.com<\/p>\n","protected":false},"author":10,"featured_media":0,"parent":190,"menu_order":2,"comment_status":"closed","ping_status":"closed","template":"","meta":{"_exactmetrics_skip_tracking":false,"_exactmetrics_sitenote_active":false,"_exactmetrics_sitenote_note":"","_exactmetrics_sitenote_category":0,"footnotes":""},"categories":[],"tags":[],"class_list":["post-401","page","type-page","status-publish","hentry"],"_links":{"self":[{"href":"http:\/\/educacaofisica.sites.uff.br\/index.php?rest_route=\/wp\/v2\/pages\/401","targetHints":{"allow":["GET"]}}],"collection":[{"href":"http:\/\/educacaofisica.sites.uff.br\/index.php?rest_route=\/wp\/v2\/pages"}],"about":[{"href":"http:\/\/educacaofisica.sites.uff.br\/index.php?rest_route=\/wp\/v2\/types\/page"}],"author":[{"embeddable":true,"href":"http:\/\/educacaofisica.sites.uff.br\/index.php?rest_route=\/wp\/v2\/users\/10"}],"replies":[{"embeddable":true,"href":"http:\/\/educacaofisica.sites.uff.br\/index.php?rest_route=%2Fwp%2Fv2%2Fcomments&post=401"}],"version-history":[{"count":9,"href":"http:\/\/educacaofisica.sites.uff.br\/index.php?rest_route=\/wp\/v2\/pages\/401\/revisions"}],"predecessor-version":[{"id":2189,"href":"http:\/\/educacaofisica.sites.uff.br\/index.php?rest_route=\/wp\/v2\/pages\/401\/revisions\/2189"}],"up":[{"embeddable":true,"href":"http:\/\/educacaofisica.sites.uff.br\/index.php?rest_route=\/wp\/v2\/pages\/190"}],"wp:attachment":[{"href":"http:\/\/educacaofisica.sites.uff.br\/index.php?rest_route=%2Fwp%2Fv2%2Fmedia&parent=401"}],"wp:term":[{"taxonomy":"category","embeddable":true,"href":"http:\/\/educacaofisica.sites.uff.br\/index.php?rest_route=%2Fwp%2Fv2%2Fcategories&post=401"},{"taxonomy":"post_tag","embeddable":true,"href":"http:\/\/educacaofisica.sites.uff.br\/index.php?rest_route=%2Fwp%2Fv2%2Ftags&post=401"}],"curies":[{"name":"wp","href":"https:\/\/api.w.org\/{rel}","templated":true}]}}