{"id":399,"date":"2016-06-12T14:25:37","date_gmt":"2016-06-12T14:25:37","guid":{"rendered":"http:\/\/educacaofisica.sites.uff.br\/?page_id=399"},"modified":"2016-09-30T13:34:33","modified_gmt":"2016-09-30T13:34:33","slug":"extensao","status":"publish","type":"page","link":"http:\/\/educacaofisica.sites.uff.br\/?page_id=399","title":{"rendered":"Extens\u00e3o"},"content":{"rendered":"<p><img loading=\"lazy\" decoding=\"async\" class=\"alignnone wp-image-390\" src=\"http:\/\/educacaofisica.sites.uff.br\/wp-content\/uploads\/sites\/10\/2016\/06\/DSF8138-300x200.jpg\" alt=\"_DSF8138\" width=\"600\" height=\"400\" srcset=\"http:\/\/educacaofisica.sites.uff.br\/wp-content\/uploads\/sites\/10\/2016\/06\/DSF8138-300x200.jpg 300w, http:\/\/educacaofisica.sites.uff.br\/wp-content\/uploads\/sites\/10\/2016\/06\/DSF8138-768x512.jpg 768w, http:\/\/educacaofisica.sites.uff.br\/wp-content\/uploads\/sites\/10\/2016\/06\/DSF8138-1024x683.jpg 1024w, http:\/\/educacaofisica.sites.uff.br\/wp-content\/uploads\/sites\/10\/2016\/06\/DSF8138-120x80.jpg 120w\" sizes=\"auto, (max-width: 600px) 100vw, 600px\" \/><\/p>\n<p>Projetos de extens\u00e3o desenvolvidos pelo Instituto de Educa\u00e7\u00e3o F\u00edsica da Universidade Federal Fluminense:<\/p>\n","protected":false},"excerpt":{"rendered":"<p>Projetos de extens\u00e3o desenvolvidos pelo Instituto de Educa\u00e7\u00e3o F\u00edsica da Universidade Federal Fluminense:<\/p>\n","protected":false},"author":10,"featured_media":0,"parent":0,"menu_order":0,"comment_status":"closed","ping_status":"closed","template":"","meta":{"_exactmetrics_skip_tracking":false,"_exactmetrics_sitenote_active":false,"_exactmetrics_sitenote_note":"","_exactmetrics_sitenote_category":0,"footnotes":""},"categories":[],"tags":[],"class_list":["post-399","page","type-page","status-publish","hentry"],"_links":{"self":[{"href":"http:\/\/educacaofisica.sites.uff.br\/index.php?rest_route=\/wp\/v2\/pages\/399","targetHints":{"allow":["GET"]}}],"collection":[{"href":"http:\/\/educacaofisica.sites.uff.br\/index.php?rest_route=\/wp\/v2\/pages"}],"about":[{"href":"http:\/\/educacaofisica.sites.uff.br\/index.php?rest_route=\/wp\/v2\/types\/page"}],"author":[{"embeddable":true,"href":"http:\/\/educacaofisica.sites.uff.br\/index.php?rest_route=\/wp\/v2\/users\/10"}],"replies":[{"embeddable":true,"href":"http:\/\/educacaofisica.sites.uff.br\/index.php?rest_route=%2Fwp%2Fv2%2Fcomments&post=399"}],"version-history":[{"count":3,"href":"http:\/\/educacaofisica.sites.uff.br\/index.php?rest_route=\/wp\/v2\/pages\/399\/revisions"}],"predecessor-version":[{"id":2116,"href":"http:\/\/educacaofisica.sites.uff.br\/index.php?rest_route=\/wp\/v2\/pages\/399\/revisions\/2116"}],"wp:attachment":[{"href":"http:\/\/educacaofisica.sites.uff.br\/index.php?rest_route=%2Fwp%2Fv2%2Fmedia&parent=399"}],"wp:term":[{"taxonomy":"category","embeddable":true,"href":"http:\/\/educacaofisica.sites.uff.br\/index.php?rest_route=%2Fwp%2Fv2%2Fcategories&post=399"},{"taxonomy":"post_tag","embeddable":true,"href":"http:\/\/educacaofisica.sites.uff.br\/index.php?rest_route=%2Fwp%2Fv2%2Ftags&post=399"}],"curies":[{"name":"wp","href":"https:\/\/api.w.org\/{rel}","templated":true}]}}