{"id":2144,"date":"2024-10-16T04:11:28","date_gmt":"2024-10-16T04:11:28","guid":{"rendered":"http:\/\/educacaofisica.sites.uff.br\/?page_id=2144"},"modified":"2024-10-16T04:11:28","modified_gmt":"2024-10-16T04:11:28","slug":"bricolagem-esporte-clube","status":"publish","type":"page","link":"http:\/\/educacaofisica.sites.uff.br\/?page_id=2144","title":{"rendered":"Bricolagem Esporte Clube"},"content":{"rendered":"\n<p>Nome da a\u00e7\u00e3o de Extens\u00e3o<\/p>\n\n\n\n<p>Bricolagem Esporte Clube<\/p>\n\n\n\n<p>Projeto<\/p>\n\n\n\n<p>Descri\u00e7\u00e3o da proposta<\/p>\n\n\n\n<p>As pr\u00e1ticas esportivas s\u00e3o elementos formadores de extrema import\u00e2ncia para os cidad\u00e3os, principalmente quando tratamos do esporte de lazer.Na pr\u00e1tica dos esportes de lazer a comunidade\/comunidade acad\u00eamica poder\u00e1 aprofundar e ampliar seus conhecimentos e habilidades, al\u00e9m de vivenciarem um espa\u00e7o social de intera\u00e7\u00e3o com sujeitos de diferentes espa\u00e7os sociais e hist\u00f3rias de vida. Ser\u00e1 potencializada a vivencia de pr\u00e1ticas corporais que estimulam os cuidados com o corpo e com a sa\u00fade, construindo diferentes corporeidades e relacionamentos pessoais e comunit\u00e1rios; ser\u00e3o sociabilizados conhecimentos acerca de pr\u00e1ticas corporais esportivas com o intuito de atribuir significados e aprendizagens a este momento de lazer para que se expanda desse tempo-espa\u00e7o para outros. Com isso poder\u00e1 ser propiciada a continuidade do exerc\u00edcio de pr\u00e1ticas esportivas de lazer em diferentes espa\u00e7os, com mais autonomia.<\/p>\n\n\n\n<p>P\u00fablico Alvo<\/p>\n\n\n\n<p>Comunidade acad\u00eamica e comunidade externa, acima de 15 anos.<\/p>\n\n\n\n<p>Nome do coordenador da a\u00e7\u00e3o<\/p>\n\n\n\n<p>Professora Dr. Micheli GhiggiInstagram<\/p>\n\n\n\n<p>\u00a0<a rel=\"noreferrer noopener\" href=\"https:\/\/www.instagram.com\/bricolagem_esporteclube?utm_source=ig_web_button_share_sheet&amp;igsh=ZDNlZDc0MzIxNw==\" target=\"_blank\">https:\/\/www.instagram.com\/bricolagem_esporteclube?utm_source=ig_web_button_share_sheet&amp;igsh=ZDNlZDc0MzIxNw==<\/a>YouTubeUCqOtj4yVFuhZGidy2_4LFawGrupo WhatsApp<a rel=\"noreferrer noopener\" href=\"https:\/\/chat.whatsapp.com\/Cv0rvZlZAuRBqxU4M6opoK\" target=\"_blank\">https:\/\/chat.whatsapp.com\/Cv0rvZlZAuRBqxU4M6opoK<\/a><\/p>\n\n\n\n<p>Juliene Ara\u00fajo &#8211; Bolsista de gradua\u00e7\u00e3o &#8211; (21)999749887 (WhatsApp)<\/p>\n\n\n\n<p>Qual o n\u00famero de protocolo da a\u00e7\u00e3o de extens\u00e3o na PROEX (SiGProj)?<\/p>\n\n\n\n<p>40.215.222.588.456.100.000.000<\/p>\n","protected":false},"excerpt":{"rendered":"<p>Nome da a\u00e7\u00e3o de Extens\u00e3o Bricolagem Esporte Clube Projeto Descri\u00e7\u00e3o da proposta As pr\u00e1ticas esportivas s\u00e3o elementos formadores de extrema import\u00e2ncia para os cidad\u00e3os, principalmente quando tratamos do esporte de lazer.Na pr\u00e1tica dos esportes de lazer a comunidade\/comunidade acad\u00eamica poder\u00e1 aprofundar e ampliar seus conhecimentos e habilidades, al\u00e9m de vivenciarem um espa\u00e7o social de intera\u00e7\u00e3o [&hellip;]<\/p>\n","protected":false},"author":10,"featured_media":0,"parent":0,"menu_order":0,"comment_status":"closed","ping_status":"closed","template":"","meta":{"_exactmetrics_skip_tracking":false,"_exactmetrics_sitenote_active":false,"_exactmetrics_sitenote_note":"","_exactmetrics_sitenote_category":0,"footnotes":""},"categories":[],"tags":[],"class_list":["post-2144","page","type-page","status-publish","hentry"],"_links":{"self":[{"href":"http:\/\/educacaofisica.sites.uff.br\/index.php?rest_route=\/wp\/v2\/pages\/2144","targetHints":{"allow":["GET"]}}],"collection":[{"href":"http:\/\/educacaofisica.sites.uff.br\/index.php?rest_route=\/wp\/v2\/pages"}],"about":[{"href":"http:\/\/educacaofisica.sites.uff.br\/index.php?rest_route=\/wp\/v2\/types\/page"}],"author":[{"embeddable":true,"href":"http:\/\/educacaofisica.sites.uff.br\/index.php?rest_route=\/wp\/v2\/users\/10"}],"replies":[{"embeddable":true,"href":"http:\/\/educacaofisica.sites.uff.br\/index.php?rest_route=%2Fwp%2Fv2%2Fcomments&post=2144"}],"version-history":[{"count":1,"href":"http:\/\/educacaofisica.sites.uff.br\/index.php?rest_route=\/wp\/v2\/pages\/2144\/revisions"}],"predecessor-version":[{"id":2145,"href":"http:\/\/educacaofisica.sites.uff.br\/index.php?rest_route=\/wp\/v2\/pages\/2144\/revisions\/2145"}],"wp:attachment":[{"href":"http:\/\/educacaofisica.sites.uff.br\/index.php?rest_route=%2Fwp%2Fv2%2Fmedia&parent=2144"}],"wp:term":[{"taxonomy":"category","embeddable":true,"href":"http:\/\/educacaofisica.sites.uff.br\/index.php?rest_route=%2Fwp%2Fv2%2Fcategories&post=2144"},{"taxonomy":"post_tag","embeddable":true,"href":"http:\/\/educacaofisica.sites.uff.br\/index.php?rest_route=%2Fwp%2Fv2%2Ftags&post=2144"}],"curies":[{"name":"wp","href":"https:\/\/api.w.org\/{rel}","templated":true}]}}