{"id":2137,"date":"2024-10-16T03:30:25","date_gmt":"2024-10-16T03:30:25","guid":{"rendered":"http:\/\/educacaofisica.sites.uff.br\/?page_id=2137"},"modified":"2024-10-16T03:38:56","modified_gmt":"2024-10-16T03:38:56","slug":"ext-natacao-adaptada-para-pessoas-com-deficiencia","status":"publish","type":"page","link":"http:\/\/educacaofisica.sites.uff.br\/?page_id=2137","title":{"rendered":"Nata\u00e7\u00e3o adaptada para pessoas com defici\u00eancia"},"content":{"rendered":"\n<p>projeto<\/p>\n\n\n\n<p>O projeto busca garantir o acesso a pr\u00e1tica da nata\u00e7\u00e3o as pessoas com defici\u00eancia, contribuindo para melhoria da qualidade de vida de seus participantes.<\/p>\n\n\n\n<p>Pessoas com defici\u00eancia<\/p>\n\n\n\n<p>Nome do coordenador da a\u00e7\u00e3o<\/p>\n\n\n\n<p>Mackson Luiz Fernandes da Costa<\/p>\n\n\n\n<p><\/p>\n\n\n\n<p><a rel=\"noreferrer noopener\" href=\"https:\/\/www.instagram.com\/natacaoadaptadauff?igsh=NXZuNGZlZmlpN2hs&amp;utm_source=qr\" target=\"_blank\">https:\/\/www.instagram.com\/natacaoadaptadauff?igsh=NXZuNGZlZmlpN2hs&amp;utm_source=qr<\/a><\/p>\n\n\n\n<p>As informa\u00e7\u00f5es s\u00e3o passadas via rede social, e-mail ou presencial nos dias do projeto (seg e qua 14h as 16h).Insta: natacaoadaptadauffe-mail:&nbsp;<a rel=\"noreferrer noopener\" href=\"mailto:natacaoadaptadauff@gmail.com\" target=\"_blank\">natacaoadaptadauff@gmail.com<\/a><\/p>\n\n\n\n<p>401.932.224.737.134.000.000.000<\/p>\n","protected":false},"excerpt":{"rendered":"<p>projeto O projeto busca garantir o acesso a pr\u00e1tica da nata\u00e7\u00e3o as pessoas com defici\u00eancia, contribuindo para melhoria da qualidade de vida de seus participantes. Pessoas com defici\u00eancia Nome do coordenador da a\u00e7\u00e3o Mackson Luiz Fernandes da Costa https:\/\/www.instagram.com\/natacaoadaptadauff?igsh=NXZuNGZlZmlpN2hs&amp;utm_source=qr As informa\u00e7\u00f5es s\u00e3o passadas via rede social, e-mail ou presencial nos dias do projeto (seg e [&hellip;]<\/p>\n","protected":false},"author":10,"featured_media":0,"parent":0,"menu_order":0,"comment_status":"closed","ping_status":"closed","template":"","meta":{"_exactmetrics_skip_tracking":false,"_exactmetrics_sitenote_active":false,"_exactmetrics_sitenote_note":"","_exactmetrics_sitenote_category":0,"footnotes":""},"categories":[],"tags":[],"class_list":["post-2137","page","type-page","status-publish","hentry"],"_links":{"self":[{"href":"http:\/\/educacaofisica.sites.uff.br\/index.php?rest_route=\/wp\/v2\/pages\/2137","targetHints":{"allow":["GET"]}}],"collection":[{"href":"http:\/\/educacaofisica.sites.uff.br\/index.php?rest_route=\/wp\/v2\/pages"}],"about":[{"href":"http:\/\/educacaofisica.sites.uff.br\/index.php?rest_route=\/wp\/v2\/types\/page"}],"author":[{"embeddable":true,"href":"http:\/\/educacaofisica.sites.uff.br\/index.php?rest_route=\/wp\/v2\/users\/10"}],"replies":[{"embeddable":true,"href":"http:\/\/educacaofisica.sites.uff.br\/index.php?rest_route=%2Fwp%2Fv2%2Fcomments&post=2137"}],"version-history":[{"count":2,"href":"http:\/\/educacaofisica.sites.uff.br\/index.php?rest_route=\/wp\/v2\/pages\/2137\/revisions"}],"predecessor-version":[{"id":2140,"href":"http:\/\/educacaofisica.sites.uff.br\/index.php?rest_route=\/wp\/v2\/pages\/2137\/revisions\/2140"}],"wp:attachment":[{"href":"http:\/\/educacaofisica.sites.uff.br\/index.php?rest_route=%2Fwp%2Fv2%2Fmedia&parent=2137"}],"wp:term":[{"taxonomy":"category","embeddable":true,"href":"http:\/\/educacaofisica.sites.uff.br\/index.php?rest_route=%2Fwp%2Fv2%2Fcategories&post=2137"},{"taxonomy":"post_tag","embeddable":true,"href":"http:\/\/educacaofisica.sites.uff.br\/index.php?rest_route=%2Fwp%2Fv2%2Ftags&post=2137"}],"curies":[{"name":"wp","href":"https:\/\/api.w.org\/{rel}","templated":true}]}}