{"id":190,"date":"2015-11-16T16:17:43","date_gmt":"2015-11-16T16:17:43","guid":{"rendered":"http:\/\/www.operacaophp.uff.br\/wordpress\/?page_id=2"},"modified":"2016-09-30T15:12:24","modified_gmt":"2016-09-30T15:12:24","slug":"apresentacao","status":"publish","type":"page","link":"http:\/\/educacaofisica.sites.uff.br\/?page_id=190","title":{"rendered":"Apresenta\u00e7\u00e3o"},"content":{"rendered":"<p><img loading=\"lazy\" decoding=\"async\" class=\"size-medium wp-image-386 alignleft\" src=\"http:\/\/educacaofisica.sites.uff.br\/wp-content\/uploads\/sites\/10\/2016\/06\/DSF8114-300x200.jpg\" alt=\"_DSF8114\" width=\"300\" height=\"200\" srcset=\"http:\/\/educacaofisica.sites.uff.br\/wp-content\/uploads\/sites\/10\/2016\/06\/DSF8114-300x200.jpg 300w, http:\/\/educacaofisica.sites.uff.br\/wp-content\/uploads\/sites\/10\/2016\/06\/DSF8114-768x512.jpg 768w, http:\/\/educacaofisica.sites.uff.br\/wp-content\/uploads\/sites\/10\/2016\/06\/DSF8114-1024x683.jpg 1024w, http:\/\/educacaofisica.sites.uff.br\/wp-content\/uploads\/sites\/10\/2016\/06\/DSF8114-120x80.jpg 120w\" sizes=\"auto, (max-width: 300px) 100vw, 300px\" \/><\/p>\n<p>Comemoramos em agosto de 2015 os 40 anos da Educa\u00e7\u00e3o F\u00edsica da UFF. Procuraremos delinear em poucas palavras parte do que pensamos, idealizamos e desenvolvemos na constru\u00e7\u00e3o do que hoje \u00e9 a parte da hist\u00f3ria do Instituto de Educa\u00e7\u00e3o F\u00edsica da UFF.<br \/>\nAs concep\u00e7\u00f5es que adotamos desde o principio foram contra hegem\u00f4nica o que nos levou a trilhar um caminho \u00e1rduo e de muita luta. Nesse percurso sofremos derrotas e vit\u00f3rias, no entanto, o mais importante foi termos sempre defendido o que acredit\u00e1vamos. Apontar por exemplo \u00e0s fal\u00e1cias sobre o esporte de alto n\u00edvel na Universidade e defender o esporte como atividade, educacional, de lazer ou atividade de promo\u00e7\u00e3o da sa\u00fade, tem provocado rea\u00e7\u00f5es que n\u00e3o mudaram desde os tempos da ditadura de 1964.<br \/>\nA Educa\u00e7\u00e3o F\u00edsica na UFF foi criada em 1975, no ambiente autorit\u00e1rio da ditadura civil militar. A lei que tornava obrigat\u00f3ria a Educa\u00e7\u00e3o F\u00edsica para os alunos de todos os cursos se fundamentava no modelo de esporte adotado pelas Universidades privadas americanas. Essas Universidades matriculam em seus cursos atletas das diversas \u00e1reas esportivas que concluem os graus precedentes. O objetivo dessas Universidades \u00e9 o de se promoverem atrav\u00e9s do esporte. Esse modelo de esporte \u00e9 excludente e refor\u00e7a a l\u00f3gica de que apenas os mais talentosos devem praticar essa atividade. Entendemos que o esporte deve ser para todos e para tal deve ser promovido com fins educacionais, de lazer e promo\u00e7\u00e3o da sa\u00fade. O que n\u00e3o quer dizer que tenhamos negligenciado as competi\u00e7\u00f5es esportivas. Durante v\u00e1rios anos realizamos uma olimp\u00edada interna que envolvia cerca de 1500 alunos. Infelizmente, mudan\u00e7as nas pol\u00edticas do MEC, incorporadas pela UFF nos fez abandonar esse projeto.\u00a0Apesar da conjuntura adversa o professor Alfredo Gomes de Farias Junior, ent\u00e3o respons\u00e1vel pela Coordena\u00e7\u00e3o de Educa\u00e7\u00e3o F\u00edsica da UFF, foi capaz de implantar uma proposta de resist\u00eancia que privilegiava a participa\u00e7\u00e3o de todos rejeitando o modelo excludente das equipes de alto n\u00edvel. \u00a0Gradativamente fomos aperfei\u00e7oando os m\u00e9todos de ensino dos esportes que privilegiam, justamente, aqueles que n\u00e3o t\u00eam grandes habilidades, pessoas que n\u00e3o praticam esportes para serem atletas, mas que o fazem para melhorar sua aptid\u00e3o f\u00edsica ou simplesmente pelo prazer da pr\u00e1tica.<\/p>\n<p>&nbsp;<\/p>\n<p><img loading=\"lazy\" decoding=\"async\" class=\"size-medium wp-image-329 alignright\" src=\"http:\/\/educacaofisica.sites.uff.br\/wp-content\/uploads\/sites\/10\/2016\/06\/DSF8113-300x200.jpg\" alt=\"_DSF8113\" width=\"300\" height=\"200\" srcset=\"http:\/\/educacaofisica.sites.uff.br\/wp-content\/uploads\/sites\/10\/2016\/06\/DSF8113-300x200.jpg 300w, http:\/\/educacaofisica.sites.uff.br\/wp-content\/uploads\/sites\/10\/2016\/06\/DSF8113-768x512.jpg 768w, http:\/\/educacaofisica.sites.uff.br\/wp-content\/uploads\/sites\/10\/2016\/06\/DSF8113-1024x683.jpg 1024w, http:\/\/educacaofisica.sites.uff.br\/wp-content\/uploads\/sites\/10\/2016\/06\/DSF8113-120x80.jpg 120w\" sizes=\"auto, (max-width: 300px) 100vw, 300px\" \/><br \/>\nO pr\u00f3ximo passo dado, tamb\u00e9m no sentido da humaniza\u00e7\u00e3o da Educa\u00e7\u00e3o F\u00edsica, foi a cria\u00e7\u00e3o de um curso em Educa\u00e7\u00e3o F\u00edsica Escolar em n\u00edvel de lato senso, voltado para professores de Educa\u00e7\u00e3o F\u00edsica que atuam no Ensino B\u00e1sico, preferencialmente p\u00fablico. Esse curso se baseia nos mesmos princ\u00edpios que orienta a Educa\u00e7\u00e3o F\u00edsica para todos os alunos da UFF. Considerando que todas as crian\u00e7as devem frequentar a escola entendemos que a maneira de democratizar a Educa\u00e7\u00e3o F\u00edsica \u00e9 apresentar o nossa proposta de Educa\u00e7\u00e3o F\u00edsica para todos aos professores das escolas do Ensino B\u00e1sico, tornando a disciplina mais inclusiva. Desde a sua cria\u00e7\u00e3o o curso, que ainda vigora, j\u00e1 atendeu a cerca de mil professores.<br \/>\nNo mesmo per\u00edodo que criamos o curso de Educa\u00e7\u00e3o F\u00edsica Escolar tamb\u00e9m idealizamos o Encontro Fluminense de Educa\u00e7\u00e3o F\u00edsica Escolar, que posteriormente viemos a implantar. Esse Encontro tem como objetivo promover a troca de experi\u00eancia entre os professores das redes de Ensino B\u00e1sico e os pesquisadores da \u00e1rea. O EnFEFE alem de ter a caracter\u00edstica pedag\u00f3gica de valorizar os relatos de experi\u00eancia tamb\u00e9m oportuniza a inicia\u00e7\u00e3o acad\u00eamica daqueles que escrevem seus primeiros trabalhos.<\/p>\n<p>&nbsp;<\/p>\n<p><img loading=\"lazy\" decoding=\"async\" class=\"size-medium wp-image-343 alignleft\" src=\"http:\/\/educacaofisica.sites.uff.br\/wp-content\/uploads\/sites\/10\/2016\/06\/DSF8141-300x200.jpg\" alt=\"_DSF8141\" width=\"300\" height=\"200\" srcset=\"http:\/\/educacaofisica.sites.uff.br\/wp-content\/uploads\/sites\/10\/2016\/06\/DSF8141-300x200.jpg 300w, http:\/\/educacaofisica.sites.uff.br\/wp-content\/uploads\/sites\/10\/2016\/06\/DSF8141-768x512.jpg 768w, http:\/\/educacaofisica.sites.uff.br\/wp-content\/uploads\/sites\/10\/2016\/06\/DSF8141-1024x683.jpg 1024w, http:\/\/educacaofisica.sites.uff.br\/wp-content\/uploads\/sites\/10\/2016\/06\/DSF8141-120x80.jpg 120w\" sizes=\"auto, (max-width: 300px) 100vw, 300px\" \/><br \/>\nO curso de Educa\u00e7\u00e3o F\u00edsica Escolar \u00e9 na realidade um paliativo que tem como objetivo preencher uma lacuna do que consideramos que deveria estar sendo ensinado nos cursos de forma\u00e7\u00e3o de professores. T\u00e3o logo nos consideramos em condi\u00e7\u00f5es de criar uma gradua\u00e7\u00e3o o fizemos com o objetivo de fazer o que acredit\u00e1vamos que deveria ser feito. Nesse curso que segue a mesma l\u00f3gica do in\u00edcio da Educa\u00e7\u00e3o F\u00edsica na UFF que foi gradativamente sendo aprimorada, procuramos colocar em pr\u00e1tica a solu\u00e7\u00e3o de v\u00e1rios problemas que identificamos na forma\u00e7\u00e3o dos professores. \u00a0Procuramos estreitar a rela\u00e7\u00e3o teoria e pr\u00e1tica, realizar a interdisciplinaridade, tornar o leque de atividades esportivas mais abrangente, e formar alunos reflexivos e cr\u00edticos, capazes de atuarem na realidade brasileira com a inten\u00e7\u00e3o de torn\u00e1-la mais justa e mais igualit\u00e1ria.<br \/>\nEmbora defendamos a liberdade da escolha dos temas de pesquisa, coerentemente, grande maioria das pesquisas realizadas por nossos professores seguem a nossas propostas aplicadas ao o ensino e nos projetos de Extens\u00e3o que desenvolvemos.<br \/>\nSeguiremos a nossa trajet\u00f3ria procurando contribuir com humaniza\u00e7\u00e3o da Educa\u00e7\u00e3o F\u00edsica e da Sociedade brasileira, lutando contra as ideias de senso comum e transpondo as barreiras que nos s\u00e3o impostas pelas for\u00e7as hegem\u00f4nicas.<\/p>\n","protected":false},"excerpt":{"rendered":"<p>Comemoramos em agosto de 2015 os 40 anos da Educa\u00e7\u00e3o F\u00edsica da UFF. Procuraremos delinear em poucas palavras parte do que pensamos, idealizamos e desenvolvemos na constru\u00e7\u00e3o do que hoje \u00e9 a parte da hist\u00f3ria do Instituto de Educa\u00e7\u00e3o F\u00edsica da UFF. As concep\u00e7\u00f5es que adotamos desde o principio foram contra hegem\u00f4nica o que nos [&hellip;]<\/p>\n","protected":false},"author":1,"featured_media":0,"parent":0,"menu_order":0,"comment_status":"closed","ping_status":"closed","template":"","meta":{"_exactmetrics_skip_tracking":false,"_exactmetrics_sitenote_active":false,"_exactmetrics_sitenote_note":"","_exactmetrics_sitenote_category":0,"footnotes":""},"categories":[],"tags":[],"class_list":["post-190","page","type-page","status-publish","hentry"],"_links":{"self":[{"href":"http:\/\/educacaofisica.sites.uff.br\/index.php?rest_route=\/wp\/v2\/pages\/190","targetHints":{"allow":["GET"]}}],"collection":[{"href":"http:\/\/educacaofisica.sites.uff.br\/index.php?rest_route=\/wp\/v2\/pages"}],"about":[{"href":"http:\/\/educacaofisica.sites.uff.br\/index.php?rest_route=\/wp\/v2\/types\/page"}],"author":[{"embeddable":true,"href":"http:\/\/educacaofisica.sites.uff.br\/index.php?rest_route=\/wp\/v2\/users\/1"}],"replies":[{"embeddable":true,"href":"http:\/\/educacaofisica.sites.uff.br\/index.php?rest_route=%2Fwp%2Fv2%2Fcomments&post=190"}],"version-history":[{"count":6,"href":"http:\/\/educacaofisica.sites.uff.br\/index.php?rest_route=\/wp\/v2\/pages\/190\/revisions"}],"predecessor-version":[{"id":482,"href":"http:\/\/educacaofisica.sites.uff.br\/index.php?rest_route=\/wp\/v2\/pages\/190\/revisions\/482"}],"wp:attachment":[{"href":"http:\/\/educacaofisica.sites.uff.br\/index.php?rest_route=%2Fwp%2Fv2%2Fmedia&parent=190"}],"wp:term":[{"taxonomy":"category","embeddable":true,"href":"http:\/\/educacaofisica.sites.uff.br\/index.php?rest_route=%2Fwp%2Fv2%2Fcategories&post=190"},{"taxonomy":"post_tag","embeddable":true,"href":"http:\/\/educacaofisica.sites.uff.br\/index.php?rest_route=%2Fwp%2Fv2%2Ftags&post=190"}],"curies":[{"name":"wp","href":"https:\/\/api.w.org\/{rel}","templated":true}]}}